{"id":545,"date":"2018-01-17T10:47:01","date_gmt":"2018-01-17T08:47:01","guid":{"rendered":"http:\/\/meyerundkuhl.de\/?page_id=545"},"modified":"2021-10-21T10:35:47","modified_gmt":"2021-10-21T08:35:47","slug":"jik25zp96","status":"publish","type":"page","link":"https:\/\/meyerundkuhl.de\/en\/jik25zp96\/","title":{"rendered":"Informationen f\u00fcr Outdoor-Hersteller"},"content":{"rendered":"<p>F\u00fcr weiterf\u00fchrende Informationen zu unserem PFC-freien Wasch- und Impr\u00e4gnierservice und dessen Vorteilen aus Sicht von Outdoor-Herstellern laden Sie bitte unsere Unternehmenspr\u00e4sentation runter.<\/p>\n           \r\n            <div class=\"onp-locker-call\" style=\"display: none;\" data-lock-id=\"onpLock291096\">\r\n                <p><\/p>\n<p><a href=\"https:\/\/meyerundkuhl.de\/wp-content\/uploads\/2018\/01\/MUK_Outdoor_Hersteller_ISPO-2018_final.pdf\">MUK_Outdoor_Hersteller_2018<\/a><\/p>\n<p><\/p>\r\n            <\/div>\r\n         \r\n\r\n        \n<p>Sie haben noch Fragen? Dann freuen wir uns auf Ihre <a href=\"https:\/\/meyerundkuhl.de\/kontakt\/\">Kontaktaufnahme<\/a>.<\/p>\n","protected":false},"excerpt":{"rendered":"<p>F\u00fcr weiterf\u00fchrende Informationen zu unserem PFC-freien Wasch- und Impr\u00e4gnierservice und dessen Vorteilen aus Sicht von Outdoor-Herstellern laden Sie bitte unsere Unternehmenspr\u00e4sentation runter. Sie haben noch Fragen? Dann freuen wir uns auf Ihre Kontaktaufnahme.<\/p>\n","protected":false},"author":8,"featured_media":0,"parent":0,"menu_order":0,"comment_status":"closed","ping_status":"closed","template":"","meta":{"footnotes":""},"class_list":["post-545","page","type-page","status-publish","hentry"],"translation":{"provider":"WPGlobus","version":"3.0.2","language":"en","enabled_languages":["de","en"],"languages":{"de":{"title":true,"content":true,"excerpt":false},"en":{"title":false,"content":false,"excerpt":false}}},"aioseo_notices":[],"publishpress_future_action":{"enabled":false,"date":"2026-04-28 12:07:52","action":"change-status","newStatus":"draft","terms":[],"taxonomy":"","extraData":[]},"publishpress_future_workflow_manual_trigger":{"enabledWorkflows":[]},"_links":{"self":[{"href":"https:\/\/meyerundkuhl.de\/en\/wp-json\/wp\/v2\/pages\/545","targetHints":{"allow":["GET"]}}],"collection":[{"href":"https:\/\/meyerundkuhl.de\/en\/wp-json\/wp\/v2\/pages"}],"about":[{"href":"https:\/\/meyerundkuhl.de\/en\/wp-json\/wp\/v2\/types\/page"}],"author":[{"embeddable":true,"href":"https:\/\/meyerundkuhl.de\/en\/wp-json\/wp\/v2\/users\/8"}],"replies":[{"embeddable":true,"href":"https:\/\/meyerundkuhl.de\/en\/wp-json\/wp\/v2\/comments?post=545"}],"version-history":[{"count":12,"href":"https:\/\/meyerundkuhl.de\/en\/wp-json\/wp\/v2\/pages\/545\/revisions"}],"predecessor-version":[{"id":677,"href":"https:\/\/meyerundkuhl.de\/en\/wp-json\/wp\/v2\/pages\/545\/revisions\/677"}],"wp:attachment":[{"href":"https:\/\/meyerundkuhl.de\/en\/wp-json\/wp\/v2\/media?parent=545"}],"curies":[{"name":"wp","href":"https:\/\/api.w.org\/{rel}","templated":true}]}}