{"id":1830,"date":"2022-10-20T16:37:25","date_gmt":"2022-10-20T14:37:25","guid":{"rendered":"https:\/\/meyerundkuhl.de\/?page_id=1830"},"modified":"2023-01-30T16:31:17","modified_gmt":"2023-01-30T14:31:17","slug":"db72h","status":"publish","type":"page","link":"https:\/\/meyerundkuhl.de\/en\/db72h\/","title":{"rendered":"F\u00fcr die saubere Weste \u2013 nachhaltige Lieferung in G\u00f6ttingen"},"content":{"rendered":"\n<div class=\"wp-block-group alignfull has-white-background-color has-background\"><div class=\"wp-block-group__inner-container is-layout-flow wp-block-group-is-layout-flow\">\n<figure class=\"wp-block-image size-large\"><a href=\"https:\/\/meyerundkuhl.de\/wp-content\/uploads\/2022\/12\/wir_lieben_regen.png\"><img loading=\"lazy\" decoding=\"async\" width=\"1024\" height=\"576\" src=\"https:\/\/meyerundkuhl.de\/wp-content\/uploads\/2022\/12\/wir_lieben_regen-1024x576.png\" alt=\"\" class=\"wp-image-1850\" srcset=\"https:\/\/meyerundkuhl.de\/wp-content\/uploads\/2022\/12\/wir_lieben_regen-1024x576.png 1024w, https:\/\/meyerundkuhl.de\/wp-content\/uploads\/2022\/12\/wir_lieben_regen-300x169.png 300w, https:\/\/meyerundkuhl.de\/wp-content\/uploads\/2022\/12\/wir_lieben_regen-768x432.png 768w, https:\/\/meyerundkuhl.de\/wp-content\/uploads\/2022\/12\/wir_lieben_regen-1536x864.png 1536w, https:\/\/meyerundkuhl.de\/wp-content\/uploads\/2022\/12\/wir_lieben_regen.png 1920w\" sizes=\"auto, (max-width: 1024px) 100vw, 1024px\" \/><\/a><\/figure>\n\n\n\n<div class=\"wp-block-columns alignwide is-layout-flex wp-container-core-columns-is-layout-9d6595d7 wp-block-columns-is-layout-flex\">\n<div class=\"wp-block-column is-layout-flow wp-block-column-is-layout-flow\">\n<p>Wir stellen die Zulieferung f\u00fcr unseren Wasch- und Impr\u00e4gnier-Service auf einen nachhaltigen Transport um! Zuk\u00fcnftig wird die Lieferung von und zum <a href=\"https:\/\/www.jack-wolfskin.de\/store\/j027-goettingen-lange-geismar-str.-41\" target=\"_blank\" rel=\"noopener\" title=\"\">Jack Wolfskin Store in G\u00f6ttingen<\/a> mit dem E-Cargobike get\u00e4tigt.<\/p>\n<\/div>\n<\/div>\n\n\n\n<div class=\"wp-block-columns is-layout-flex wp-container-core-columns-is-layout-9d6595d7 wp-block-columns-is-layout-flex\">\n<div class=\"wp-block-column is-layout-flow wp-block-column-is-layout-flow\" style=\"flex-basis:33.33%\">\n<p>Zusammen mit unserem Partner ZUFALL logistics group haben wir eine M\u00f6glichkeit gefunden, unseren Transport in der G\u00f6ttinger Innenstadt umweltfreundlich zu gestalten. Dabei setzt Zufall die innovativen E-Cargobikes von ONOMOTION ein, die eine effizientere und nachhaltige Fortbewegung in der Stadt erm\u00f6glichen. <\/p>\n<\/div>\n\n\n\n<div class=\"wp-block-column is-layout-flow wp-block-column-is-layout-flow\" style=\"flex-basis:66.66%\">\n<figure class=\"wp-block-image size-large\"><a href=\"https:\/\/meyerundkuhl.de\/wp-content\/uploads\/2023\/01\/Zufall_ONOMOTIONS.jpg\"><img loading=\"lazy\" decoding=\"async\" width=\"1024\" height=\"768\" src=\"https:\/\/meyerundkuhl.de\/wp-content\/uploads\/2023\/01\/Zufall_ONOMOTIONS-1024x768.jpg\" alt=\"\" class=\"wp-image-1864\" srcset=\"https:\/\/meyerundkuhl.de\/wp-content\/uploads\/2023\/01\/Zufall_ONOMOTIONS-1024x768.jpg 1024w, https:\/\/meyerundkuhl.de\/wp-content\/uploads\/2023\/01\/Zufall_ONOMOTIONS-300x225.jpg 300w, https:\/\/meyerundkuhl.de\/wp-content\/uploads\/2023\/01\/Zufall_ONOMOTIONS-768x576.jpg 768w, https:\/\/meyerundkuhl.de\/wp-content\/uploads\/2023\/01\/Zufall_ONOMOTIONS-1536x1152.jpg 1536w, https:\/\/meyerundkuhl.de\/wp-content\/uploads\/2023\/01\/Zufall_ONOMOTIONS.jpg 2016w\" sizes=\"auto, (max-width: 1024px) 100vw, 1024px\" \/><\/a><\/figure>\n<\/div>\n<\/div>\n\n\n\n<h3 class=\"wp-block-heading\">Jetzt f\u00fcr alle Marken \u2013 Outdoor-Bekleidung zum Impr\u00e4gnieren einfach im Jack Wolfskin Store in G\u00f6ttingen abgeben <\/h3>\n\n\n\n<div class=\"wp-block-columns is-layout-flex wp-container-core-columns-is-layout-9d6595d7 wp-block-columns-is-layout-flex\">\n<div class=\"wp-block-column is-layout-flow wp-block-column-is-layout-flow\">\n<p>Im ersten Schritt starten wir mit dem <a href=\"https:\/\/www.jack-wolfskin.de\/store\/j027-goettingen-lange-geismar-str.-41\" target=\"_blank\" rel=\"noreferrer noopener\">Jack Wolfskin Store in G\u00f6ttingen<\/a>. Hier kannst du jetzt nicht nur Jack Wolfskin Produkte zum Waschen und Impr\u00e4gnieren abgeben, sondern auch andere Marken. So k\u00f6nnen wir gemeinsam daran arbeiten, den CO<sub>2<\/sub>-Fu\u00dfabdruck zu reduzieren. Du findest unsere Idee gut? Dann besuche jetzt den Store in der Lange Geismar Stra\u00dfe 41 und nutze den Impr\u00e4gnier-Service f\u00fcr nur \u20ac&nbsp;24,95.<\/p>\n<\/div>\n<\/div>\n\n\n\n<div class=\"wp-block-columns alignwide is-layout-flex wp-container-core-columns-is-layout-9d6595d7 wp-block-columns-is-layout-flex\">\n<div class=\"wp-block-column is-layout-flow wp-block-column-is-layout-flow\" style=\"flex-basis:67%\"><div class=\"wp-block-image\">\n<figure class=\"alignright size-large\"><img loading=\"lazy\" decoding=\"async\" width=\"1523\" height=\"854\" src=\"https:\/\/meyerundkuhl.de\/wp-content\/uploads\/2022\/12\/1903x856-edited.png\" alt=\"Maier Sports Reinigungsservice\" class=\"wp-image-1852\" srcset=\"https:\/\/meyerundkuhl.de\/wp-content\/uploads\/2022\/12\/1903x856-edited.png 1523w, https:\/\/meyerundkuhl.de\/wp-content\/uploads\/2022\/12\/1903x856-edited-300x168.png 300w, https:\/\/meyerundkuhl.de\/wp-content\/uploads\/2022\/12\/1903x856-edited-1024x574.png 1024w, https:\/\/meyerundkuhl.de\/wp-content\/uploads\/2022\/12\/1903x856-edited-768x431.png 768w, https:\/\/meyerundkuhl.de\/wp-content\/uploads\/2022\/12\/1903x856-edited-716x400.png 716w\" sizes=\"auto, (max-width: 1523px) 100vw, 1523px\" \/><\/figure>\n<\/div><\/div>\n\n\n\n<div class=\"wp-block-column is-vertically-aligned-center is-layout-flow wp-block-column-is-layout-flow\" style=\"flex-basis:33%\">\n<p>Als Unternehmen ist es unser Ziel &#8211;&nbsp;und das unserer Partner&nbsp;-, die Langlebigkeit der Bekleidung zu verl\u00e4ngern und dadurch einen Teil zum Umwelt- und Ressourcenschutz beizutragen. Mit dem Einsatz der Fahrr\u00e4der in der Stadt gehen wir einen weiteren Schritt in Richtung Nachhaltigkeit.<\/p>\n<\/div>\n<\/div>\n\n\n\n<p>Du m\u00f6chtest unseren Wasch- und Impr\u00e4gnier-Service nutzen, wohnst aber nicht in G\u00f6ttingen? Kein Problem! Schau einfach in unserem <a href=\"https:\/\/online-impraegnierung.de\/\" target=\"_blank\" rel=\"noreferrer noopener\">Online-Shop<\/a> vorbei.<\/p>\n\n\n\n<div class=\"wp-block-buttons is-content-justification-center is-layout-flex wp-container-core-buttons-is-layout-16018d1d wp-block-buttons-is-layout-flex\">\n<div class=\"wp-block-button is-style-outline is-style-outline--2\"><a class=\"wp-block-button__link has-luminous-vivid-orange-background-color has-text-color has-background\" href=\"https:\/\/online-impraegnierung.de\/\" style=\"color:#ffffff\">Unser Online-Shop<\/a><\/div>\n<\/div>\n\n\n\n<div style=\"height:31px\" aria-hidden=\"true\" class=\"wp-block-spacer\"><\/div>\n\n\n\n<h2 class=\"wp-block-heading\">Unsere Partner<\/h2>\n\n\n\n<div class=\"wp-block-columns is-layout-flex wp-container-core-columns-is-layout-9d6595d7 wp-block-columns-is-layout-flex\">\n<div class=\"wp-block-column is-layout-flow wp-block-column-is-layout-flow\" style=\"flex-basis:33.33%\">\n<div style=\"height:1px\" aria-hidden=\"true\" class=\"wp-block-spacer\"><\/div>\n\n\n\n<figure class=\"wp-block-image size-full\"><a href=\"https:\/\/meyerundkuhl.de\/wp-content\/uploads\/2023\/01\/Logo-ZUFALL-800px-Web.jpg\"><img loading=\"lazy\" decoding=\"async\" width=\"600\" height=\"228\" src=\"https:\/\/meyerundkuhl.de\/wp-content\/uploads\/2023\/01\/Logo-ZUFALL-800px-Web.jpg\" alt=\"\" class=\"wp-image-1865\" srcset=\"https:\/\/meyerundkuhl.de\/wp-content\/uploads\/2023\/01\/Logo-ZUFALL-800px-Web.jpg 600w, https:\/\/meyerundkuhl.de\/wp-content\/uploads\/2023\/01\/Logo-ZUFALL-800px-Web-300x114.jpg 300w\" sizes=\"auto, (max-width: 600px) 100vw, 600px\" \/><\/a><figcaption><a href=\"https:\/\/www.zufall.de\" target=\"_blank\" rel=\"noopener\" title=\"\">https:\/\/www.zufall.de<\/a><\/figcaption><\/figure>\n\n\n\n<div style=\"height:1px\" aria-hidden=\"true\" class=\"wp-block-spacer\"><\/div>\n\n\n\n<div style=\"height:55px\" aria-hidden=\"true\" class=\"wp-block-spacer\"><\/div>\n\n\n\n<div style=\"height:65px\" aria-hidden=\"true\" class=\"wp-block-spacer\"><\/div>\n\n\n\n<figure class=\"wp-block-image size-large\"><a href=\"https:\/\/meyerundkuhl.de\/wp-content\/uploads\/2023\/01\/JW_logo_Black-RGB.png\"><img loading=\"lazy\" decoding=\"async\" width=\"1024\" height=\"282\" src=\"https:\/\/meyerundkuhl.de\/wp-content\/uploads\/2023\/01\/JW_logo_Black-RGB-1024x282.png\" alt=\"\" class=\"wp-image-1874\" srcset=\"https:\/\/meyerundkuhl.de\/wp-content\/uploads\/2023\/01\/JW_logo_Black-RGB-1024x282.png 1024w, https:\/\/meyerundkuhl.de\/wp-content\/uploads\/2023\/01\/JW_logo_Black-RGB-300x83.png 300w, https:\/\/meyerundkuhl.de\/wp-content\/uploads\/2023\/01\/JW_logo_Black-RGB-768x211.png 768w, https:\/\/meyerundkuhl.de\/wp-content\/uploads\/2023\/01\/JW_logo_Black-RGB.png 1500w\" sizes=\"auto, (max-width: 1024px) 100vw, 1024px\" \/><\/a><figcaption><a href=\"https:\/\/www.jack-wolfskin.de\/\" target=\"_blank\" rel=\"noopener\" title=\"\">https:\/\/www.jack-wolfskin.de\/<\/a><\/figcaption><\/figure>\n\n\n\n<div style=\"height:30px\" aria-hidden=\"true\" class=\"wp-block-spacer\"><\/div>\n\n\n\n<p><\/p>\n<\/div>\n\n\n\n<div class=\"wp-block-column is-layout-flow wp-block-column-is-layout-flow\" style=\"flex-basis:66.66%\">\n<p><strong>Nachhaltiger Transport mit dem E-Cargobike \u2013 ein Angebot der ZUFALL logistics group<\/strong><\/p>\n\n\n\n<p>Unser Partner f\u00fcr das neue Angebot ist der Logistikdienstleister ZUFALL aus G\u00f6ttingen. Seit fast 100 Jahren fest in unserer Region verwurzelt, setzt sich das Unternehmen mit aller Kraft daf\u00fcr ein, die Zukunft der Logistik nachhaltig zu gestalten.<\/p>\n\n\n\n<div style=\"height:50px\" aria-hidden=\"true\" class=\"wp-block-spacer\"><\/div>\n\n\n\n<p><strong>Von Anfang an dabei<\/strong><\/p>\n\n\n\n<p>Jack Wolfskin \u2013 und allen voran der Jack Wolfskin Store in G\u00f6ttingen \u2013 ist unser Partner der ersten Stunde, der den Wasch- und Impr\u00e4gnier-Service seinen Kunden angeboten hat. Als einer der f\u00fchrenden Anbieter von hochwertiger Outdoor-Bekleidung, \u2011Schuhen und \u2011Ausr\u00fcstung ist Jack Wolfskin absoluter Pionier in Sachen Nachhaltigkeit und setzt sich f\u00fcr Umweltbewusstsein und soziale Verantwortung ein.<\/p>\n<\/div>\n<\/div>\n<\/div><\/div>\n","protected":false},"excerpt":{"rendered":"<p>Wir stellen die Zulieferung f\u00fcr unseren Wasch- und Impr\u00e4gnier-Service auf einen nachhaltigen Transport um! Zuk\u00fcnftig wird die Lieferung von und zum Jack Wolfskin Store in G\u00f6ttingen mit dem E-Cargobike get\u00e4tigt. Zusammen mit unserem Partner ZUFALL logistics group haben wir eine M\u00f6glichkeit gefunden, unseren Transport in der G\u00f6ttinger Innenstadt umweltfreundlich zu <a class=\"read-more\" href=\"https:\/\/meyerundkuhl.de\/en\/db72h\/\">Read More<\/a><\/p>\n","protected":false},"author":8,"featured_media":0,"parent":0,"menu_order":0,"comment_status":"closed","ping_status":"closed","template":"","meta":{"footnotes":""},"class_list":["post-1830","page","type-page","status-publish","hentry"],"translation":{"provider":"WPGlobus","version":"3.0.2","language":"en","enabled_languages":["de","en"],"languages":{"de":{"title":true,"content":true,"excerpt":false},"en":{"title":false,"content":false,"excerpt":false}}},"aioseo_notices":[],"publishpress_future_action":{"enabled":false,"date":"2026-04-26 16:00:17","action":"change-status","newStatus":"draft","terms":[],"taxonomy":"","extraData":[]},"publishpress_future_workflow_manual_trigger":{"enabledWorkflows":[]},"_links":{"self":[{"href":"https:\/\/meyerundkuhl.de\/en\/wp-json\/wp\/v2\/pages\/1830","targetHints":{"allow":["GET"]}}],"collection":[{"href":"https:\/\/meyerundkuhl.de\/en\/wp-json\/wp\/v2\/pages"}],"about":[{"href":"https:\/\/meyerundkuhl.de\/en\/wp-json\/wp\/v2\/types\/page"}],"author":[{"embeddable":true,"href":"https:\/\/meyerundkuhl.de\/en\/wp-json\/wp\/v2\/users\/8"}],"replies":[{"embeddable":true,"href":"https:\/\/meyerundkuhl.de\/en\/wp-json\/wp\/v2\/comments?post=1830"}],"version-history":[{"count":16,"href":"https:\/\/meyerundkuhl.de\/en\/wp-json\/wp\/v2\/pages\/1830\/revisions"}],"predecessor-version":[{"id":1924,"href":"https:\/\/meyerundkuhl.de\/en\/wp-json\/wp\/v2\/pages\/1830\/revisions\/1924"}],"wp:attachment":[{"href":"https:\/\/meyerundkuhl.de\/en\/wp-json\/wp\/v2\/media?parent=1830"}],"curies":[{"name":"wp","href":"https:\/\/api.w.org\/{rel}","templated":true}]}}