{"id":1466,"date":"2020-12-21T11:12:58","date_gmt":"2020-12-21T09:12:58","guid":{"rendered":"https:\/\/meyerundkuhl.de\/?page_id=1466"},"modified":"2021-10-21T10:37:18","modified_gmt":"2021-10-21T08:37:18","slug":"stellenausschreibung-teamleitung-waescherei-m-w-d","status":"publish","type":"page","link":"https:\/\/meyerundkuhl.de\/en\/stellenausschreibung-teamleitung-waescherei-m-w-d\/","title":{"rendered":"Stellenausschreibung &#8211; Teamleitung W\u00e4scherei (m\/w\/d)"},"content":{"rendered":"\n<p>Die MeyerundKuhl Spezialw\u00e4schen GmbH ist ein f\u00fchrender Full-Service Anbieter f\u00fcr die professionelle Pflege und Impr\u00e4gnierung von Outdoor- und Funktionstextilien in Deutschland und \u00d6sterreich und weiteren Teilen von Europa. Wir entwickeln unsere Arbeitsabl\u00e4ufe und Verfahren st\u00e4ndig weiter. F\u00fcr unsere Innovationskraft wurden wir bereits zweifach mit Innovationspreisen der WRG G\u00f6ttingen ausgezeichnet. Zu unseren Kooperationspartnern z\u00e4hlen namhafte Hersteller aus den Bereichen Outdoor, Motorrad und Feuerwehr (z. B. Jack Wolfskin, Mammut, Sch\u00f6ffel, Rosenbauer, Viking) sowie der angebundene Fachhandel. Dar\u00fcber hinaus sind wir als GORE-TEX-Repair-Center zertifiziert. <\/p>\n\n\n\n<p>F\u00fcr unser weiteres Wachstum suchen wir ab sofort: <br><strong>Eine Teamleitung W\u00e4scherei (m\/w\/d)<\/strong><br>In Vollzeit<\/p>\n\n\n\n<p><strong>Ihre Aufgaben:<\/strong><\/p>\n\n\n\n<ul class=\"wp-block-list\"><li>Auftragsabwicklung, inkl. Warenannahme, Auftragsanlage im EDV-System, Warenschau, Kennzeichnung von Textilien, Erfassung von Artikeln und Vorsch\u00e4den im EDV-System, Fleckerkennung und -vorreinigung, Vorsortieren von Waschchargen, Erstellung von Versandlabeln und Lieferscheinen, Verpacken und Versand der gereinigten Textilien <\/li><li>Personaldisposition<\/li><li>Einkauf von Betriebsmitteln<\/li><li>Materiallager<\/li><li>Textillager <\/li><\/ul>\n\n\n\n<p><strong>Ihre Voraussetzungen:<\/strong><\/p>\n\n\n\n<ul class=\"wp-block-list\"><li>Begeisterungsf\u00e4higkeit, soziale Kompetenz und F\u00e4higkeit zur Vermittlung<\/li><li>Erfahrung in elektronischer Auftragsabwicklung (ERP, MaWi-Programm oder \u00e4hnliches)<\/li><li>Sicherer Umgang mit Microsoft Office Anwendungen (Outlook, Word, Excel, Dateiablage) <\/li><li>Eine gewisse Technikaffinit\u00e4t<\/li><li>Bereitschaft Waschmaschinen und Trockner zu bedienen, wenn notwendig<\/li><li>Sorgf\u00e4ltige und strukturierte Arbeitsweise<\/li><li>Erste Erfahrung in der Personalf\u00fchrung w\u00fcnschenswert<\/li><li>Logistikerfahrung von Vorteil<br>\nVerl\u00e4sslichkeit &amp; * Flexibilit\u00e4t<\/li><li>Offen in der Kommunikation mit Kunden und Mitarbeitern <\/li><li>Gute Deutschkenntnisse in Wort und Schrift<\/li><\/ul>\n\n\n\n<p>Spezielle Vorkenntnisse im Bereich W\u00e4scherei sind nicht erforderlich. Sie werden von erfahrenen Mitarbeitern eingearbeitet, so dass auch Quereinsteigern sich eine Chance bietet.<\/p>\n\n\n\n<p>Bei Interesse senden Sie bitte Ihre vollst\u00e4ndigen Bewerbungsunterlagen unter Angabe der Gehaltsvorstellung an: <\/p>\n\n\n\n<p>personal(at)meyerundkuhl.de<\/p>\n\n\n\n<p>Wir freuen uns auf Ihre Bewerbung!<\/p>\n","protected":false},"excerpt":{"rendered":"<p>Die MeyerundKuhl Spezialw\u00e4schen GmbH ist ein f\u00fchrender Full-Service Anbieter f\u00fcr die professionelle Pflege und Impr\u00e4gnierung von Outdoor- und Funktionstextilien in Deutschland und \u00d6sterreich und weiteren Teilen von Europa. Wir entwickeln unsere Arbeitsabl\u00e4ufe und Verfahren st\u00e4ndig weiter. F\u00fcr unsere Innovationskraft wurden wir bereits zweifach mit Innovationspreisen der WRG G\u00f6ttingen ausgezeichnet. Zu <a class=\"read-more\" href=\"https:\/\/meyerundkuhl.de\/en\/stellenausschreibung-teamleitung-waescherei-m-w-d\/\">Read More<\/a><\/p>\n","protected":false},"author":8,"featured_media":0,"parent":0,"menu_order":0,"comment_status":"closed","ping_status":"closed","template":"","meta":{"footnotes":""},"class_list":["post-1466","page","type-page","status-publish","hentry"],"translation":{"provider":"WPGlobus","version":"3.0.2","language":"en","enabled_languages":["de","en"],"languages":{"de":{"title":true,"content":true,"excerpt":false},"en":{"title":false,"content":false,"excerpt":false}}},"aioseo_notices":[],"publishpress_future_action":{"enabled":false,"date":"2026-04-29 18:59:09","action":"change-status","newStatus":"draft","terms":[],"taxonomy":"","extraData":[]},"publishpress_future_workflow_manual_trigger":{"enabledWorkflows":[]},"_links":{"self":[{"href":"https:\/\/meyerundkuhl.de\/en\/wp-json\/wp\/v2\/pages\/1466","targetHints":{"allow":["GET"]}}],"collection":[{"href":"https:\/\/meyerundkuhl.de\/en\/wp-json\/wp\/v2\/pages"}],"about":[{"href":"https:\/\/meyerundkuhl.de\/en\/wp-json\/wp\/v2\/types\/page"}],"author":[{"embeddable":true,"href":"https:\/\/meyerundkuhl.de\/en\/wp-json\/wp\/v2\/users\/8"}],"replies":[{"embeddable":true,"href":"https:\/\/meyerundkuhl.de\/en\/wp-json\/wp\/v2\/comments?post=1466"}],"version-history":[{"count":2,"href":"https:\/\/meyerundkuhl.de\/en\/wp-json\/wp\/v2\/pages\/1466\/revisions"}],"predecessor-version":[{"id":1470,"href":"https:\/\/meyerundkuhl.de\/en\/wp-json\/wp\/v2\/pages\/1466\/revisions\/1470"}],"wp:attachment":[{"href":"https:\/\/meyerundkuhl.de\/en\/wp-json\/wp\/v2\/media?parent=1466"}],"curies":[{"name":"wp","href":"https:\/\/api.w.org\/{rel}","templated":true}]}}