{"id":1298,"date":"2019-10-09T15:56:45","date_gmt":"2019-10-09T13:56:45","guid":{"rendered":"https:\/\/meyerundkuhl.de\/?page_id=1298"},"modified":"2020-04-01T12:07:52","modified_gmt":"2020-04-01T10:07:52","slug":"psa-waeschebeutel","status":"publish","type":"page","link":"https:\/\/meyerundkuhl.de\/en\/psa-waeschebeutel\/","title":{"rendered":"PSA W\u00e4schebeutel"},"content":{"rendered":"\n<p class=\"has-medium-font-size\">Der neue <strong>PSA-W\u00e4schebeutel<\/strong> von <span style=\"color:#EF793C\">MeyerundKuhl<\/span><\/p>\n\n\n\n<p>dient dem <strong>sicheren Transport kontaminierter Einsatzbekleidung<\/strong> und sollte zur <strong>Ausr\u00fcstung <\/strong>jedes Einsatzfahrzeuges geh\u00f6ren.<\/p>\n\n\n\n<p>Nach erfolgtem Einsatz legen die Kamerad\/Innen direkt an der Einsatzstelle, m\u00f6glichst unter Einsatz von Staubfilter (z.B. FFP3) und Einweghandschuhen, ihre Einsatzbekleidung ab.<\/p>\n\n\n\n<p><strong><span style=\"color:#EF793C\">W\u00e4hrend des Ablegens der Einsatzkleidung werden:<\/span><\/strong><br> \u2022 Die Taschen vollst\u00e4ndig entleert<br> \u2022 R\u00fccken- und Namensschilder aus Plastik entfernt <br> \u2022 Karabiner und Absturzsicherung entfernt<\/p>\n\n\n\n<p>Ist die <strong>Einsatzbekleidung mit Gefahrstoffen kontaminiert<\/strong>, wird diese in die <strong>bereitgelegten PSA-W\u00e4schebeutel<\/strong> gepackt und diese werden ggf. beschriftet.<br> <strong><span style=\"color:#EF793C\">Zur kontaminierten Einsatzbekleidung geh\u00f6ren: <\/span><\/strong><br> <strong>\u00dcberjacke und -hose, Hollandtuch bzw. Einsatzhaube,<\/strong> werden in den PSA-W\u00e4schebeutel verpackt. <strong>Helm<\/strong>, sowie <strong>Stiefel und Handschuhe<\/strong> werden jeweils extra in eine Plastikt\u00fcte eingepackt.<\/p>\n\n\n\n<p>Die PSA-W\u00e4schebeutel werden <strong>fest verschlossen<\/strong> und <strong>zeitnah <\/strong>in einem Karton an die W\u00e4scherei MeyerundKuhl versendet.<br> Auf den <strong>Auftragszetteln <\/strong>muss vermerkt werden <strong>mit welchen Gefahrstoffen<\/strong> die Bekleidung kontaminiert ist. <br> Pro Karton sollte mindestens ein Auftragszettel beigelegt werden.<\/p>\n\n\n\n<p><u><strong>Wichtige Hinweise: <\/strong><\/u><br> Als <strong>Gefahrstoffe <\/strong>gelten <strong>beispielsweise<\/strong>: polyzyklische aromatische Kohlenwasserstoffe (=PAKs), Asbest, Viren\/Bakterien\/Krankheitserreger, infekti\u00f6se K\u00f6rperfl\u00fcssigkeiten (z.B. Blut, Urin, Kot etc.).<br> Leider k\u00f6nnen wir kontaminierte Einsatzbekleidung vor dem Waschvorgang nicht <strong>sichten und auf evtl. sch\u00e4dliche Gegenst\u00e4nde in den Taschen etc. \u00fcberpr\u00fcfen<\/strong>, daher schlie\u00dfen wir die Haftung f\u00fcr, w\u00e4hrend des gesamten W\u00e4scheprozesses, entstehende Sch\u00e4den an der Einsatzbekleidung aus. <br> Einsendungen <strong>ohne Auftragszettel<\/strong> werden erst nach R\u00fccksprache und zeitverz\u00f6gert bearbeitet.<br> Bei Zusendung nicht <strong>richtig verpackter oder nicht gekennzeichneter kontaminierter Einsatzbekleidung<\/strong> berechnen wir eine <strong>zus\u00e4tzliche Geb\u00fchr von 50,00\u20ac netto zzgl. MwSt. <\/strong><\/p>\n\n\n\n<p>Erh\u00e4ltlich unter: <a href=\"https:\/\/www.psa2clean.de\/der-neue-psa-waeschebeutel-von-meyerundkuhl-dient-dem-sicheren-transport-kontaminierter-oder-infektioeser-ware.-ist-die-psa-durch-den-einsatz-mit-kritischen-fasern-wie-asbest-oder-bestimmten-sorten-von-glaswolle-kontaminiert-so-darf-diese-auf-keinen-fall-\">https:\/\/www.psa2clean.de\/<\/a><\/p>\n","protected":false},"excerpt":{"rendered":"<p>Der neue PSA-W\u00e4schebeutel von MeyerundKuhl dient dem sicheren Transport kontaminierter Einsatzbekleidung und sollte zur Ausr\u00fcstung jedes Einsatzfahrzeuges geh\u00f6ren. Nach erfolgtem Einsatz legen die Kamerad\/Innen direkt an der Einsatzstelle, m\u00f6glichst unter Einsatz von Staubfilter (z.B. FFP3) und Einweghandschuhen, ihre Einsatzbekleidung ab. W\u00e4hrend des Ablegens der Einsatzkleidung werden: \u2022 Die Taschen vollst\u00e4ndig <a class=\"read-more\" href=\"https:\/\/meyerundkuhl.de\/en\/psa-waeschebeutel\/\">Read More<\/a><\/p>\n","protected":false},"author":8,"featured_media":0,"parent":0,"menu_order":0,"comment_status":"closed","ping_status":"closed","template":"","meta":{"footnotes":""},"class_list":["post-1298","page","type-page","status-publish","hentry"],"translation":{"provider":"WPGlobus","version":"3.0.2","language":"en","enabled_languages":["de","en"],"languages":{"de":{"title":true,"content":true,"excerpt":false},"en":{"title":false,"content":false,"excerpt":false}}},"aioseo_notices":[],"publishpress_future_action":{"enabled":false,"date":"2026-05-06 22:14:39","action":"change-status","newStatus":"draft","terms":[],"taxonomy":"","extraData":[]},"publishpress_future_workflow_manual_trigger":{"enabledWorkflows":[]},"_links":{"self":[{"href":"https:\/\/meyerundkuhl.de\/en\/wp-json\/wp\/v2\/pages\/1298","targetHints":{"allow":["GET"]}}],"collection":[{"href":"https:\/\/meyerundkuhl.de\/en\/wp-json\/wp\/v2\/pages"}],"about":[{"href":"https:\/\/meyerundkuhl.de\/en\/wp-json\/wp\/v2\/types\/page"}],"author":[{"embeddable":true,"href":"https:\/\/meyerundkuhl.de\/en\/wp-json\/wp\/v2\/users\/8"}],"replies":[{"embeddable":true,"href":"https:\/\/meyerundkuhl.de\/en\/wp-json\/wp\/v2\/comments?post=1298"}],"version-history":[{"count":3,"href":"https:\/\/meyerundkuhl.de\/en\/wp-json\/wp\/v2\/pages\/1298\/revisions"}],"predecessor-version":[{"id":1388,"href":"https:\/\/meyerundkuhl.de\/en\/wp-json\/wp\/v2\/pages\/1298\/revisions\/1388"}],"wp:attachment":[{"href":"https:\/\/meyerundkuhl.de\/en\/wp-json\/wp\/v2\/media?parent=1298"}],"curies":[{"name":"wp","href":"https:\/\/api.w.org\/{rel}","templated":true}]}}