{"id":1098,"date":"2018-10-24T13:11:56","date_gmt":"2018-10-24T11:11:56","guid":{"rendered":"https:\/\/meyerundkuhl.de\/?page_id=1098"},"modified":"2021-10-21T10:38:27","modified_gmt":"2021-10-21T08:38:27","slug":"teilnahmebedingungen-schoeffel-gewinnspiel","status":"publish","type":"page","link":"https:\/\/meyerundkuhl.de\/en\/teilnahmebedingungen-schoeffel-gewinnspiel\/","title":{"rendered":"Teilnahmebedingungen und Ablauf \u201eSch\u00f6ffel Gewinnspiel\u201c"},"content":{"rendered":"<h1>Teilnahmebedingungen und Ablauf \u201eSch\u00f6ffel Gewinnspiel\u201c<\/h1>\n<p>&nbsp;<\/p>\n<h3>Veranstalter<\/h3>\n<p>Veranstalter des Gewinnspiels ist die MeyerundKuhl Spezialw\u00e4schen GmbH (MEYERUNDKUHL), Schmiedewiese 1, 37181 Hardegsen.<\/p>\n<h3>Preise<\/h3>\n<p>Zu gewinnen sind folgende Preise:<\/p>\n<p><strong>1. Preis:<\/strong><br \/>\nWochenende (Fr.-So.) in einem Ferienhaus im \u201eTorfhaus Harzresort\u201c direkt im Nationalpark Harz mit Blick auf den Brocken gelegen. Ausstattung: 2 DZ, Wohnlandschaft mit eigenem Kamin und eigenem Saunabereich \u2013 dazu Fr\u00fchst\u00fcck und ein Lunchpaket mit Harzer Spezialit\u00e4ten im Gegenwert von ca. 700\u20ac (<a href=\"http:\/\/www.torfhaus-harzresort.de\" target=\"_blank\" rel=\"noopener noreferrer\">www.torfhaus-harzresort.de<\/a>)<\/p>\n<p><strong>2. Preis:<\/strong><br \/>\nGutschein in H\u00f6he von 100\u20ac zur Einl\u00f6sung in einem teilnehmenden Sch\u00f6ffel-LOWA Stores<\/p>\n<p><strong>3. Preis:<\/strong><br \/>\nGutschein in H\u00f6he von 50\u20ac zur Einl\u00f6sung in einem teilnehmenden Sch\u00f6ffel-LOWA Stores<\/p>\n<p>Eine Barauszahlung des Gewinns ist nicht m\u00f6glich. Der Gewinn ist nur wie ausgeschrieben einl\u00f6sbar. Alle Preise behalten 2 Jahre Ihre G\u00fcltigkeit und verfallen automatisch nach Ablauf von zwei Jahren nach \u00dcbergabe bzw. Empfang des Preises.<\/p>\n<h3>Teilnahmeberechtigung<\/h3>\n<p>Teilnehmen k\u00f6nnen alle Personen mit Wohnsitz in Deutschland und \u00d6sterreich, die das 18. Lebensjahr vollendet haben, und im Aktionszeitraum eine oder mehrere Outdoor- oder Skitextilien zum Waschen und Impr\u00e4gnieren in einem der teilnehmenden Sch\u00f6ffel-LOWA Stores unter Angabe ihrer vollst\u00e4ndigen Adressdaten sowie Telefonnummer oder Emailadresse abgeben. Voraussetzung ist, dass der Teilnehmer im Gewinnfall mit der Ver\u00f6ffentlichung seines Vor- und Nachnamen und eines Fotos einverstanden ist. Eine anderweitige Teilnahme (z.B. \u00fcber Direktversand oder Nutzung des MeyerundKuhl Online Shops) ist nicht m\u00f6glich. Mit Ausnahme der Sch\u00f6ffel-LOWA Stores in Oldenburg, Oberstdorf und Brixen (Italien) nehmen alle Sch\u00f6ffel-LOWA Stores in Deutschland und \u00d6sterreich teil. (<a href=\"https:\/\/schoeffel-lowa.de\/store-finder\/\" target=\"_blank\" rel=\"noopener noreferrer\">https:\/\/schoeffel-lowa.de\/store-finder\/<\/a>)<\/p>\n<p>MEYERUNDKUHL beh\u00e4lt sich das Recht vor, einen Nachweis \u00fcber das Alter und die Identit\u00e4t zu verlangen. Ausgeschlossen sind Mitarbeiter der MEYERUNDKUHL und der Sch\u00f6ffel Sportbekleidung GmbH und ihrer verbundenen Unternehmen sowie deren Angeh\u00f6rige. MEYERUNDKUHL ist berechtigt, Teilnehmer von diesem Gewinnspiel auszuschlie\u00dfen, die gegen diese Teilnahmeberechtigung versto\u00dfen.<\/p>\n<h3>Ablauf des Gewinnspiels, Gewinnermittlung<\/h3>\n<p>Der Teilnahmebeginn ist der 29.10.2018<br \/>\nDer Teilnahmeschluss ist der 01.12.2018<\/p>\n<p>Jedes Bekleidungsst\u00fcck (Outdoor- und Skibekleidung), das im Aktionszeitraum von einem Teilnahmeberechtigten zum Waschen und Impr\u00e4gnieren in einem der teilnehmenden Sch\u00f6ffel-LOWA Stores abgegeben wird, dient als Los f\u00fcr das Gewinnspiel.<\/p>\n<p>M\u00f6chte ein Kunde, der den Wasch- und Impr\u00e4gnierservice \u00fcber einen Sch\u00f6ffel-LOWA Store im Aktionszeitraum beauftragt, nicht am Gewinnspiel teilnehmen, muss dies ausdr\u00fccklich auf dem beigef\u00fcgten Auftragszettel vermerkt werden.<br \/>\nJedes Bekleidungsst\u00fcck erh\u00e4lt in der W\u00e4scherei eine eineindeutige W\u00e4schekennziffer, die als Losnummer genutzt wird.<\/p>\n<p>Der Gewinn wird unter allen im Aktionszeitraum erfassten W\u00e4schekennziffern (Losnummern) per Zufallsprinzip verlost.<\/p>\n<p>Die Verlosung findet Ende der 50. KW 2018 im Sch\u00f6ffel-LOWA Store in Goslar statt.<\/p>\n<h3>Gewinninformation<\/h3>\n<p>Der Gewinner wird innerhalb von drei Werktagen nach der Verlosung per Email oder telefonisch benachrichtigt.<\/p>\n<h3>Gewinn\u00fcbergabe<\/h3>\n<p>Der Gewinner des ersten Preises ist damit einverstanden, gemeinsam mit Vertretern von MEYERUNDKUHL, Sch\u00f6ffel-LOWA und dem Torfhaus Harzresort bei der Preis\u00fcbergabe abgelichtet zu werden und seinen Vor- und Nachnamen zu nennen und zur Ver\u00f6ffentlichung durch den Anbieter freizugeben. Eine Ver\u00f6ffentlichung der konkreten Adressdaten erfolgt nicht!<br \/>\nDer Ort und der Termin der \u00dcbergabe werden zwischen Gewinner und MEYERUNDKUHL abgestimmt. Sollte eine \u00dcbergabe innerhalb von 2 Monaten nach Verlosung nicht m\u00f6glich sein, verliert der Gewinner seinen Anspruch auf den Gewinn und der 2.-Platzierte erh\u00e4lt diesen zus\u00e4tzlich zu dem 2.&nbsp;Preis.<\/p>\n<p>Die \u00dcbergabe an die Gewinner des 2. und 3. Preises in Form eines Gutscheins sowie die Einl\u00f6sung dieses Gutscheins zu beliebigen Leistungen erfolgt in dem teilnehmenden Sch\u00f6ffel-LOWA Store, in dem der Wasch- und Impr\u00e4gnierservice beauftragt wurde.<\/p>\n<h3>Sonstiges<\/h3>\n<p>MEYERUNDKUHL beh\u00e4lt sich vor, das Gewinnspiel auch ohne Angabe von Gr\u00fcnden zu verl\u00e4ngern oder zu verk\u00fcrzen. MEYERUNDKUHL beh\u00e4lt sich weiterhin vor, Teilnehmer bei Verdacht auf Missbrauch, Manipulation oder strafbares Verhalten vom Gewinnspiel auszuschlie\u00dfen. Ein Rechtsanspruch auf Teilnahme an dem Gewinnspiel besteht nicht.<br \/>\nDieses Gewinnspiel unterliegt dem Recht der Bundesrepublik Deutschland. Der Rechtsweg ist ausgeschlossen. Der Teilnehmer erkl\u00e4rt sich mit der Datenschutzerkl\u00e4rung (<a href=\"http:\/\/meyerundkuhl.de\/datenschutz\/\" target=\"_blank\" rel=\"noopener noreferrer\">http:\/\/meyerundkuhl.de\/datenschutz\/<\/a>)einverstanden.<\/p>\n<h3>Facebook-Disclaimer<\/h3>\n<p>Diese Promotion steht in keiner Verbindung zu Facebook und wird in keiner Weise von Facebook gesponsert, unterst\u00fctzt oder organisiert.<\/p>\n<h3>Kontakt bei Fragen:<\/h3>\n<p>E-Mial: post@meyerundkuhl.de<br \/>\nTel.: +49 5505-999171<\/p>\n","protected":false},"excerpt":{"rendered":"<p>Teilnahmebedingungen und Ablauf \u201eSch\u00f6ffel Gewinnspiel\u201c &nbsp; Veranstalter Veranstalter des Gewinnspiels ist die MeyerundKuhl Spezialw\u00e4schen GmbH (MEYERUNDKUHL), Schmiedewiese 1, 37181 Hardegsen. Preise Zu gewinnen sind folgende Preise: 1. Preis: Wochenende (Fr.-So.) in einem Ferienhaus im \u201eTorfhaus Harzresort\u201c direkt im Nationalpark Harz mit Blick auf den Brocken gelegen. Ausstattung: 2 DZ, Wohnlandschaft <a class=\"read-more\" href=\"https:\/\/meyerundkuhl.de\/en\/teilnahmebedingungen-schoeffel-gewinnspiel\/\">Read More<\/a><\/p>\n","protected":false},"author":8,"featured_media":0,"parent":0,"menu_order":0,"comment_status":"closed","ping_status":"closed","template":"","meta":{"footnotes":""},"class_list":["post-1098","page","type-page","status-publish","hentry"],"translation":{"provider":"WPGlobus","version":"3.0.2","language":"en","enabled_languages":["de","en"],"languages":{"de":{"title":true,"content":true,"excerpt":false},"en":{"title":false,"content":false,"excerpt":false}}},"aioseo_notices":[],"publishpress_future_action":{"enabled":false,"date":"2026-05-09 00:08:20","action":"change-status","newStatus":"draft","terms":[],"taxonomy":"","extraData":[]},"publishpress_future_workflow_manual_trigger":{"enabledWorkflows":[]},"_links":{"self":[{"href":"https:\/\/meyerundkuhl.de\/en\/wp-json\/wp\/v2\/pages\/1098","targetHints":{"allow":["GET"]}}],"collection":[{"href":"https:\/\/meyerundkuhl.de\/en\/wp-json\/wp\/v2\/pages"}],"about":[{"href":"https:\/\/meyerundkuhl.de\/en\/wp-json\/wp\/v2\/types\/page"}],"author":[{"embeddable":true,"href":"https:\/\/meyerundkuhl.de\/en\/wp-json\/wp\/v2\/users\/8"}],"replies":[{"embeddable":true,"href":"https:\/\/meyerundkuhl.de\/en\/wp-json\/wp\/v2\/comments?post=1098"}],"version-history":[{"count":13,"href":"https:\/\/meyerundkuhl.de\/en\/wp-json\/wp\/v2\/pages\/1098\/revisions"}],"predecessor-version":[{"id":1714,"href":"https:\/\/meyerundkuhl.de\/en\/wp-json\/wp\/v2\/pages\/1098\/revisions\/1714"}],"wp:attachment":[{"href":"https:\/\/meyerundkuhl.de\/en\/wp-json\/wp\/v2\/media?parent=1098"}],"curies":[{"name":"wp","href":"https:\/\/api.w.org\/{rel}","templated":true}]}}