{"id":1057,"date":"2018-09-28T11:09:09","date_gmt":"2018-09-28T09:09:09","guid":{"rendered":"https:\/\/meyerundkuhl.de\/?page_id=1057"},"modified":"2022-09-14T12:16:41","modified_gmt":"2022-09-14T10:16:41","slug":"outdoor-hersteller","status":"publish","type":"page","link":"https:\/\/meyerundkuhl.de\/en\/outdoor-hersteller\/","title":{"rendered":"Outdoor-Hersteller"},"content":{"rendered":"<h6>Sie m\u00f6chten Ihren Kunden einen umweltschonenden Reinigungs- und Impr\u00e4gnierservice f\u00fcr Outdoorbekleidung anbieten? Gerne sind wir Ihr Partner!<\/h6>\n<p>Wir sind ein f\u00fchrender Anbieter f\u00fcr die professionelle, PFC-freie Einigung und Impr\u00e4gnierung von Outdoortextilien und arbeiten bereits mit vielen bekannten deutschen und internationalen Markenherstellern (z. B. <a href=\"https:\/\/www.jack-wolfskin.de\/impraegnieren\/?location=DE\" target=\"_blank\" rel=\"noopener noreferrer\">Jack Wolfskin<\/a>, <a href=\"https:\/\/help.vaude.com\/impraegnierservice-per-post\/\" target=\"_blank\" rel=\"noopener noreferrer\">VAUDE<\/a>, <a href=\"https:\/\/de.mammut.com\/service\/produktservice\/waschen-und-impraegnieren\/\" target=\"_blank\" rel=\"noopener noreferrer\">Mammut<\/a>, Sch\u00f6ffel, Bergans, Kjus) sowie dem angebunden und unabh\u00e4ngigen Fachhandel zu zusammen.<\/p>\n<h5>Unsere Dienstleistung f\u00fcr Sie auf einen Blick:<\/h5>\n<ul>\n<li>Einziger Full-Service Anbieter f\u00fcr die professionelle und PFC-freie W\u00e4sche und Impr\u00e4gnierung von Outdoorbekleidung in Deutschland, \u00d6sterreich und Benelux (Schweiz in Vorbereitung)<\/li>\n<li>Flexible Vermarktungsoptionen\n<ul>\n<li>Vermarktung des Service exklusiv in Ihrem Firmen-Branding oder<\/li>\n<li>Vermarktung als gemeinsamer Service und Co-Branding unter Einbeziehung Ihres und unseres Firmen-Logos<\/li>\n<\/ul>\n<\/li>\n<li>Individuelle Abwicklung des Service\n<ul>\n<li>In Ihren Stores per Auftragszettel<\/li>\n<li>Online mittels Integration in Ihren Online-Shop und Weiterleitung auf den MeyerundKuhl Online-Shop<\/li>\n<\/ul>\n<\/li>\n<\/ul>\n<h5>Vorteile f\u00fcr Sie als Fachh\u00e4ndler:<\/h5>\n<ul>\n<li>Imagegewinn durch umweltschonendes Serviceangebot\n<ul>\n<li>PFC-freie, auf Harz-Emulsionen basierende Impr\u00e4gnierung von Outdoorbekleidung<\/li>\n<li>Reduzierter Wasser-, Energie- und Waschmittelverbrauch<\/li>\n<\/ul>\n<\/li>\n<li>Kundengewinnung und Kundenbindung durch zus\u00e4tzliches, umweltschonendes Serviceangebot<\/li>\n<li>Zusatznutzen durch Cross Selling w\u00e4hrend des pers\u00f6nlichen Beratungsgespr\u00e4chs mit dem Kunden (z.B.: \u201eZu Ihrer Jacke passt ja auch noch\u2026\u201c, \u201eVielleicht wollen Sie sich mal ein neues Modell ansehen?\u201c)<\/li>\n<li>R\u00fcckversand direkt in Ihren Store oder auf Wunsch auch an die Kundenadresse<\/li>\n<li>Sie arbeiten mit Profis zusammen, die sich auf diesem Gebiet spezialisiert haben<\/li>\n<\/ul>\n<p>Gerne unterbreiten wir Ihnen ein individuelles Angebot. Sprechen Sie uns an!<\/p>\n","protected":false},"excerpt":{"rendered":"<p>Sie m\u00f6chten Ihren Kunden einen umweltschonenden Reinigungs- und Impr\u00e4gnierservice f\u00fcr Outdoorbekleidung anbieten? Gerne sind wir Ihr Partner! Wir sind ein f\u00fchrender Anbieter f\u00fcr die professionelle, PFC-freie Einigung und Impr\u00e4gnierung von Outdoortextilien und arbeiten bereits mit vielen bekannten deutschen und internationalen Markenherstellern (z. B. Jack Wolfskin, VAUDE, Mammut, Sch\u00f6ffel, Bergans, Kjus) <a class=\"read-more\" href=\"https:\/\/meyerundkuhl.de\/en\/outdoor-hersteller\/\">Read More<\/a><\/p>\n","protected":false},"author":8,"featured_media":0,"parent":0,"menu_order":0,"comment_status":"closed","ping_status":"closed","template":"","meta":{"footnotes":""},"class_list":["post-1057","page","type-page","status-publish","hentry"],"translation":{"provider":"WPGlobus","version":"3.0.2","language":"en","enabled_languages":["de","en"],"languages":{"de":{"title":true,"content":true,"excerpt":false},"en":{"title":false,"content":false,"excerpt":false}}},"aioseo_notices":[],"publishpress_future_action":{"enabled":false,"date":"2026-04-13 11:45:33","action":"change-status","newStatus":"draft","terms":[],"taxonomy":"","extraData":[]},"publishpress_future_workflow_manual_trigger":{"enabledWorkflows":[]},"_links":{"self":[{"href":"https:\/\/meyerundkuhl.de\/en\/wp-json\/wp\/v2\/pages\/1057","targetHints":{"allow":["GET"]}}],"collection":[{"href":"https:\/\/meyerundkuhl.de\/en\/wp-json\/wp\/v2\/pages"}],"about":[{"href":"https:\/\/meyerundkuhl.de\/en\/wp-json\/wp\/v2\/types\/page"}],"author":[{"embeddable":true,"href":"https:\/\/meyerundkuhl.de\/en\/wp-json\/wp\/v2\/users\/8"}],"replies":[{"embeddable":true,"href":"https:\/\/meyerundkuhl.de\/en\/wp-json\/wp\/v2\/comments?post=1057"}],"version-history":[{"count":3,"href":"https:\/\/meyerundkuhl.de\/en\/wp-json\/wp\/v2\/pages\/1057\/revisions"}],"predecessor-version":[{"id":1752,"href":"https:\/\/meyerundkuhl.de\/en\/wp-json\/wp\/v2\/pages\/1057\/revisions\/1752"}],"wp:attachment":[{"href":"https:\/\/meyerundkuhl.de\/en\/wp-json\/wp\/v2\/media?parent=1057"}],"curies":[{"name":"wp","href":"https:\/\/api.w.org\/{rel}","templated":true}]}}